{"id":32,"date":"2021-02-09T12:15:33","date_gmt":"2021-02-09T11:15:33","guid":{"rendered":"https:\/\/www.bichonfrise.cz\/?page_id=32"},"modified":"2021-02-09T13:04:11","modified_gmt":"2021-02-09T12:04:11","slug":"odchovy","status":"publish","type":"page","link":"https:\/\/www.bichonfrise.cz\/uvod\/odchovy\/","title":{"rendered":"Odchovy"},"content":{"rendered":"\n<p>\u010cek\u00e1n\u00ed na prvn\u00ed vrh A<\/p>\n","protected":false},"excerpt":{"rendered":"<p>\u010cek\u00e1n\u00ed na prvn\u00ed vrh A<\/p>\n","protected":false},"author":1,"featured_media":0,"parent":0,"menu_order":0,"comment_status":"closed","ping_status":"closed","template":"","meta":[],"_links":{"self":[{"href":"https:\/\/www.bichonfrise.cz\/uvod\/wp-json\/wp\/v2\/pages\/32"}],"collection":[{"href":"https:\/\/www.bichonfrise.cz\/uvod\/wp-json\/wp\/v2\/pages"}],"about":[{"href":"https:\/\/www.bichonfrise.cz\/uvod\/wp-json\/wp\/v2\/types\/page"}],"author":[{"embeddable":true,"href":"https:\/\/www.bichonfrise.cz\/uvod\/wp-json\/wp\/v2\/users\/1"}],"replies":[{"embeddable":true,"href":"https:\/\/www.bichonfrise.cz\/uvod\/wp-json\/wp\/v2\/comments?post=32"}],"version-history":[{"count":2,"href":"https:\/\/www.bichonfrise.cz\/uvod\/wp-json\/wp\/v2\/pages\/32\/revisions"}],"predecessor-version":[{"id":69,"href":"https:\/\/www.bichonfrise.cz\/uvod\/wp-json\/wp\/v2\/pages\/32\/revisions\/69"}],"wp:attachment":[{"href":"https:\/\/www.bichonfrise.cz\/uvod\/wp-json\/wp\/v2\/media?parent=32"}],"curies":[{"name":"wp","href":"https:\/\/api.w.org\/{rel}","templated":true}]}}