{"id":34,"date":"2021-02-09T12:15:52","date_gmt":"2021-02-09T11:15:52","guid":{"rendered":"https:\/\/www.bichonfrise.cz\/?page_id=34"},"modified":"2021-02-09T13:00:56","modified_gmt":"2021-02-09T12:00:56","slug":"bichon-a-poil-frise","status":"publish","type":"page","link":"https:\/\/www.bichonfrise.cz\/uvod\/bichon-a-poil-frise\/","title":{"rendered":"Bichon \u00e1 poil fris\u00e9"},"content":{"rendered":"\n<p>Na\u0161e fenka se jmenuje:&nbsp; Jullie\u00b4s Wild Pampwi z Podchotuc\u00ed<\/p>\n\n\n\n<p>z vrhu J od<\/p>\n\n\n\n<p><strong>otec:\u00a0\u00a0\u00a0<\/strong>\u00a0 C.I.B. Regina Bichon Born To Be Wild multiCH<\/p>\n\n\n\n<p><strong>matka:<\/strong>\u00a0 Pearl Magic Pamplone z Podchotuc\u00ed<\/p>\n\n\n\n<p>Pr\u016fkaz p\u016fvodu obr\u00e1zek<\/p>\n","protected":false},"excerpt":{"rendered":"<p>Na\u0161e fenka se jmenuje:&nbsp; Jullie\u00b4s Wild Pampwi z Podchotuc\u00ed z vrhu J od otec:\u00a0\u00a0\u00a0\u00a0 C.I.B. Regina Bichon Born To Be Wild multiCH matka:\u00a0 Pearl Magic Pamplone z Podchotuc\u00ed Pr\u016fkaz p\u016fvodu obr\u00e1zek<\/p>\n","protected":false},"author":1,"featured_media":0,"parent":0,"menu_order":0,"comment_status":"closed","ping_status":"closed","template":"","meta":[],"_links":{"self":[{"href":"https:\/\/www.bichonfrise.cz\/uvod\/wp-json\/wp\/v2\/pages\/34"}],"collection":[{"href":"https:\/\/www.bichonfrise.cz\/uvod\/wp-json\/wp\/v2\/pages"}],"about":[{"href":"https:\/\/www.bichonfrise.cz\/uvod\/wp-json\/wp\/v2\/types\/page"}],"author":[{"embeddable":true,"href":"https:\/\/www.bichonfrise.cz\/uvod\/wp-json\/wp\/v2\/users\/1"}],"replies":[{"embeddable":true,"href":"https:\/\/www.bichonfrise.cz\/uvod\/wp-json\/wp\/v2\/comments?post=34"}],"version-history":[{"count":3,"href":"https:\/\/www.bichonfrise.cz\/uvod\/wp-json\/wp\/v2\/pages\/34\/revisions"}],"predecessor-version":[{"id":66,"href":"https:\/\/www.bichonfrise.cz\/uvod\/wp-json\/wp\/v2\/pages\/34\/revisions\/66"}],"wp:attachment":[{"href":"https:\/\/www.bichonfrise.cz\/uvod\/wp-json\/wp\/v2\/media?parent=34"}],"curies":[{"name":"wp","href":"https:\/\/api.w.org\/{rel}","templated":true}]}}