{"id":38,"date":"2021-02-09T12:29:44","date_gmt":"2021-02-09T11:29:44","guid":{"rendered":"https:\/\/www.bichonfrise.cz\/?page_id=38"},"modified":"2021-02-09T13:09:21","modified_gmt":"2021-02-09T12:09:21","slug":"o-nas","status":"publish","type":"page","link":"https:\/\/www.bichonfrise.cz\/uvod\/o-nas\/","title":{"rendered":"O n\u00e1s"},"content":{"rendered":"\n<p>Jsme mal\u00e1 chovn\u00e1 stanice nedaleko n\u011bmec\u00fdch hranic v z\u00e1padn\u00edch \u010cechach. Na\u0161e stanice se jmenuje Jullie\u00b4s a\u00a0 datuje se od roku 2020, kdy o ni bylo za\u017e\u00e1d\u00e1no.<\/p>\n","protected":false},"excerpt":{"rendered":"<p>Jsme mal\u00e1 chovn\u00e1 stanice nedaleko n\u011bmec\u00fdch hranic v z\u00e1padn\u00edch \u010cechach. Na\u0161e stanice se jmenuje Jullie\u00b4s a\u00a0 datuje se od roku 2020, kdy o ni bylo za\u017e\u00e1d\u00e1no.<\/p>\n","protected":false},"author":1,"featured_media":0,"parent":0,"menu_order":0,"comment_status":"closed","ping_status":"closed","template":"","meta":[],"_links":{"self":[{"href":"https:\/\/www.bichonfrise.cz\/uvod\/wp-json\/wp\/v2\/pages\/38"}],"collection":[{"href":"https:\/\/www.bichonfrise.cz\/uvod\/wp-json\/wp\/v2\/pages"}],"about":[{"href":"https:\/\/www.bichonfrise.cz\/uvod\/wp-json\/wp\/v2\/types\/page"}],"author":[{"embeddable":true,"href":"https:\/\/www.bichonfrise.cz\/uvod\/wp-json\/wp\/v2\/users\/1"}],"replies":[{"embeddable":true,"href":"https:\/\/www.bichonfrise.cz\/uvod\/wp-json\/wp\/v2\/comments?post=38"}],"version-history":[{"count":2,"href":"https:\/\/www.bichonfrise.cz\/uvod\/wp-json\/wp\/v2\/pages\/38\/revisions"}],"predecessor-version":[{"id":71,"href":"https:\/\/www.bichonfrise.cz\/uvod\/wp-json\/wp\/v2\/pages\/38\/revisions\/71"}],"wp:attachment":[{"href":"https:\/\/www.bichonfrise.cz\/uvod\/wp-json\/wp\/v2\/media?parent=38"}],"curies":[{"name":"wp","href":"https:\/\/api.w.org\/{rel}","templated":true}]}}