{"id":42,"date":"2021-02-09T12:31:10","date_gmt":"2021-02-09T11:31:10","guid":{"rendered":"https:\/\/www.bichonfrise.cz\/?page_id=42"},"modified":"2021-02-13T10:43:23","modified_gmt":"2021-02-13T09:43:23","slug":"uvod","status":"publish","type":"page","link":"https:\/\/www.bichonfrise.cz\/uvod\/","title":{"rendered":"\u00davod"},"content":{"rendered":"\n<p><p><strong>V\u00edtejte na na\u0161ich str\u00e1nk\u00e1ch<\/strong><\/p>\n<p>Motto:<\/p><\/p>\n\n\n<p>Dotkni se bi\u0161onka a trochu ses dotkl nebe, pochovej bi\u0161onka a dr\u017eel jsi cel\u00fd sv\u011bt, miluj bi\u0161onka a bude\u0161 milovat nav\u017edy \u017eivot<\/p>\n<p>Cit\u00e1t je pou\u017eit z&nbsp;knihy Jarmily a Jany K\u0159e\u010dkov\u00fdch \u201eBi\u0161on Frise\u201c<\/p>\n<p>Moc p\u011bkn\u011b napsan\u00e9 doporu\u010duji si ji p\u0159e\u010d\u00edst. Pak se uvid\u00ed a u n\u00e1s bylo rozhodnuto.<\/p>\n<p>&nbsp;&nbsp; <strong>&nbsp;&nbsp;Kde sehnat \u0161t\u011b\u0148\u00e1tko bi\u0161onka jako dom\u00e1c\u00edho mazl\u00ed\u010dka nebo \u0161ampiona ? <\/strong><strong>&nbsp;&nbsp;<\/strong><\/p>\n<p><strong>No p\u0159ece v chovatelsk\u00e9 stanici&nbsp;&nbsp;&nbsp;&nbsp;&nbsp;&nbsp;&nbsp;&nbsp;&nbsp;&nbsp;&nbsp;&nbsp;&nbsp;&nbsp;&nbsp;&nbsp;&nbsp;&nbsp;&nbsp;&nbsp;<\/strong><\/p>\n<p>Jak jsme si po\u0159\u00eddili prvn\u00edho pejska.<\/p>\n<p>&nbsp;&nbsp;&nbsp;&nbsp;&nbsp;&nbsp;&nbsp; Po p\u0159e\u010dten\u00ed inzer\u00e1tu jsem volal na uveden\u00e9 tel.\u010d\u00edslo. Bohu\u017eel jsem nepochodil. Cht\u011bl jsem vid\u011bt otce nebo matku \u0161t\u011b\u0148\u00e1tka. ,, To nem\u016f\u017eete \u00b4\u00b4 bylo mi odsenuto. T\u00edm bylo \u0159e\u010deno v\u0161e.<\/p>\n<p>&nbsp;&nbsp;&nbsp;&nbsp;&nbsp;&nbsp;&nbsp;&nbsp; P\u0159i dal\u0161\u00edm inzer\u00e1tu&nbsp; ale z chovatelsk\u00e9 stanice jsem si s chovatelkou&nbsp; p\u011bkn\u011b popov\u00eddal a t\u00edm to na dlouho zkon\u010dilo.<\/p>\n<p>&nbsp;&nbsp;&nbsp;&nbsp;&nbsp;&nbsp;&nbsp;&nbsp; Jednoho p\u011bkn\u00e9ho dne p\u0159\u00edtelkyn\u011b na\u0161la inzer\u00e1t na prodej \u0161t\u011b\u0148tka ( bi\u0161onek ) a tak jsem na n\u011bj zavolal. S pan\u00ed chovatelkou jsme se domluvili a my se jeli pod\u00edvat na \u0161t\u011b\u0148\u00e1tko. \u0160patn\u011b jsme se lou\u010dili.<\/p>\n<p>&nbsp;&nbsp;&nbsp;&nbsp;&nbsp;&nbsp;&nbsp;&nbsp; Nakonec nade\u0161el den D a my jeli pro \u0161t\u011b\u0148\u00e1tko fenku bi\u0161onka. Sice daleko ale to n\u00e1s neodradilo.<\/p>\n<p><strong>A za\u010d\u00edn\u00e1 p\u011bkn\u00fd i n\u00e1ro\u010dn\u00fd koloto\u010d<\/strong><\/p>\n<p><!-- \/wp:paragraph --><\/p>","protected":false},"excerpt":{"rendered":"<p>V\u00edtejte na na\u0161ich str\u00e1nk\u00e1ch Motto: Dotkni se bi\u0161onka a trochu ses dotkl nebe, pochovej bi\u0161onka a dr\u017eel jsi cel\u00fd sv\u011bt, miluj bi\u0161onka a bude\u0161 milovat nav\u017edy \u017eivot Cit\u00e1t je pou\u017eit z&nbsp;knihy Jarmily a Jany K\u0159e\u010dkov\u00fdch \u201eBi\u0161on Frise\u201c Moc p\u011bkn\u011b napsan\u00e9 &hellip; <a href=\"https:\/\/www.bichonfrise.cz\/uvod\/\">Cel\u00fd p\u0159\u00edsp\u011bvek <span class=\"meta-nav\">&rarr;<\/span><\/a><\/p>\n","protected":false},"author":1,"featured_media":0,"parent":0,"menu_order":0,"comment_status":"closed","ping_status":"closed","template":"sidebar-page.php","meta":[],"_links":{"self":[{"href":"https:\/\/www.bichonfrise.cz\/uvod\/wp-json\/wp\/v2\/pages\/42"}],"collection":[{"href":"https:\/\/www.bichonfrise.cz\/uvod\/wp-json\/wp\/v2\/pages"}],"about":[{"href":"https:\/\/www.bichonfrise.cz\/uvod\/wp-json\/wp\/v2\/types\/page"}],"author":[{"embeddable":true,"href":"https:\/\/www.bichonfrise.cz\/uvod\/wp-json\/wp\/v2\/users\/1"}],"replies":[{"embeddable":true,"href":"https:\/\/www.bichonfrise.cz\/uvod\/wp-json\/wp\/v2\/comments?post=42"}],"version-history":[{"count":7,"href":"https:\/\/www.bichonfrise.cz\/uvod\/wp-json\/wp\/v2\/pages\/42\/revisions"}],"predecessor-version":[{"id":93,"href":"https:\/\/www.bichonfrise.cz\/uvod\/wp-json\/wp\/v2\/pages\/42\/revisions\/93"}],"wp:attachment":[{"href":"https:\/\/www.bichonfrise.cz\/uvod\/wp-json\/wp\/v2\/media?parent=42"}],"curies":[{"name":"wp","href":"https:\/\/api.w.org\/{rel}","templated":true}]}}